{"id":106150,"date":"2024-08-07T13:55:33","date_gmt":"2024-08-07T11:55:33","guid":{"rendered":"https:\/\/javajan.predev.eu\/?page_id=106150"},"modified":"2024-09-13T09:59:41","modified_gmt":"2024-09-13T07:59:41","slug":"politica-de-cookies","status":"publish","type":"page","link":"https:\/\/javajan.predev.eu\/es\/politica-de-cookies\/","title":{"rendered":"Pol\u00edtica de cookies"},"content":{"rendered":"\t\t<div data-elementor-type=\"wp-page\" data-elementor-id=\"106150\" class=\"elementor elementor-106150 elementor-92979\">\n\t\t\t\t<div class=\"default no-position elementor-element elementor-element-4cea95d8 e-flex e-con-boxed e-con e-parent\" data-id=\"4cea95d8\" data-element_type=\"container\">\n\t\t\t\t\t<div class=\"e-con-inner\">\n\t\t\t\t<div class=\"elementor-element elementor-element-6a6cb914 elementor-widget elementor-widget-text-editor\" data-id=\"6a6cb914\" data-element_type=\"widget\" data-widget_type=\"text-editor.default\">\n\t\t\t\t<div class=\"elementor-widget-container\">\n\t\t\t<style>\/*! elementor - v3.23.0 - 05-08-2024 *\/\n.elementor-widget-text-editor.elementor-drop-cap-view-stacked .elementor-drop-cap{background-color:#69727d;color:#fff}.elementor-widget-text-editor.elementor-drop-cap-view-framed .elementor-drop-cap{color:#69727d;border:3px solid;background-color:transparent}.elementor-widget-text-editor:not(.elementor-drop-cap-view-default) .elementor-drop-cap{margin-top:8px}.elementor-widget-text-editor:not(.elementor-drop-cap-view-default) .elementor-drop-cap-letter{width:1em;height:1em}.elementor-widget-text-editor .elementor-drop-cap{float:left;text-align:center;line-height:1;font-size:50px}.elementor-widget-text-editor .elementor-drop-cap-letter{display:inline-block}<\/style>\t\t\t\t<h2 style=\"color: #456d84;\">INTRODUCCI\u00d3N<\/h2>\nLa web de <b>SERVICIOS DE INTERNET JAVAJAN, S.L.<\/b> utiliza cookies propias y de terceros. Una cookie es un archivo que se descarga en su ordenador al acceder a determinadas p\u00e1ginas web. Las cookies permiten a una p\u00e1gina web, entre otras finalidades, asegurar el correcto funcionamiento de la p\u00e1gina, permitir al Usuario un acceso m\u00e1s r\u00e1pido a los servicios seleccionados, almacenar y recuperar informaci\u00f3n sobre los h\u00e1bitos de navegaci\u00f3n de un usuario o de su equipo e incluso, dependiendo de la informaci\u00f3n que contengan y de la forma en que utiliza su equipo, se pueden utilizar para reconocer al usuario. Las cookies se asocian \u00fanicamente a un usuario an\u00f3nimo y su ordenador o dispositivo y no proporcionan referencias que permitan conocer sus datos personales., salvo permiso expreso de aqu\u00e9l.\n\nEl usuario puede, en todo momento, aceptar o rechazar las cookies instaladas que no sean estrictamente necesarias para el correcto funcionamiento de la web y el acceso al Usuario a sus servicios, a trav\u00e9s del panel de ajuste de cookies proporcionado en nuestra web. Asimismo, podr\u00e1 configurar su navegador en todo momento sin que ello perjudique la posibilidad del Usuario de acceder a los contenidos. No obstante, le informamos que el rechazo de las cookies puede disminuir el buen funcionamiento de la web.\n\n<span style=\"fuente-family: 'Space Grotesk', sans-serif; fuente-size: 50px; fuente-weight: bold; letter-spacing: 0px; texto-align: var(--text-align);\" >COOKIES AFECTADAS POR LA NORMATIVA Y COOKIES EJENTOS<\/span>\n\nSeg\u00fan la directiva de la UE, las cookies que requieren el consentimiento informado por parte del usuario son las cookies de anal\u00edtica, las de publicidad y afiliaci\u00f3n, quedando exceptuadas las de car\u00e1cter t\u00e9cnico y las necesarias para el funcionamiento del sitio web o la prestaci\u00f3n de servicios expresamente solicitados por el usuario.\n<h2 style=\"color: #456d84;\">TIPO DE COOKIES<\/h2>\n<ol style=\"list-style-type: lower-latin;\">\n  <li>Seg\u00fan la <b>entidad que las gestione<\/b>, est\u00e1n Cookies <b>propias<\/b> (aquellas que se env\u00edan al equipo terminal del usuario desde un equipo o dominio gestionado por el propio editor y desde el que se presta el servicio Solicitado por el usuario) y de <b>terceros<\/b> (las que se env\u00edan al equipo terminal del usuario desde un equipo o dominio que no es gestionado por el editor, sino por otra entidad que trata los datos obtenidos mediante las cookies).<\/li>\n  <li>Seg\u00fan el <b>tiempo que permanecen activas<\/b>, est\u00e1n las de <b>sesi\u00f3n<\/b> (dise\u00f1adas para pedir y almacenar datos mientras el usuario accede a una p\u00e1gina web) y las <b> >persistentes <\/b> (en los que los datos se almacenan en el terminal y pueden ser accedidos y tratados durante un per\u00edodo definido por el responsable de la cookie -puede ir de unos minutos a varios a\u00f1os).<\/li>\n  <li><span style=\"font-weight: 400;\">Seg\u00fan la <\/span><b>finalidad<\/b><span style=\"font-weight: 400;\"> para la que tratan la informaci\u00f3n que recopilan, pueden ser:<\/span>\n<ul>\n  <li><strong>Cookies t\u00e9cnicas<\/strong> <span style=\"font-weight: 400;\">(necesarias para el uso de la web y la prestaci\u00f3n del servicio contratado),<\/span><\/li >\n  <li><strong>Cookies de personalizaci\u00f3n<\/strong> <span style=\"font-weight: 400;\">(que permiten al usuario acceder al servicio con caracter\u00edsticas predefinidas, como el idioma, tipo de navegador, configuraci\u00f3n regional, etc.)<\/span><\/li>\n  <li><strong>Cookies de an\u00e1lisis<\/strong> <span style=\"font-weight: 400;\">(recogen informaci\u00f3n del uso que se hace de la web),<\/span><\/li>\n  <li><strong>Cookies publicitarias<\/strong> <span style=\"font-weight: 400;\">(recogen informaci\u00f3n sobre las preferencias y elecciones personales de los usuarios),<\/span><\/li>\n  <li><strong>Cookies de afiliados<\/strong> <span style=\"font-weight: 400;\">(permiten realizar un seguimiento de las visitas procedentes de otras webs, con las que el sitio web establece un contrato de afiliaci\u00f3n ).<\/span><\/li>\n<\/ul>\n<\/li>\n<\/ol>\n<h2 style=\"color: #456d84;\">TIPO DE COOKIES UTILIZADAS PARA ESTE SITIO WEB<\/h2>\n<div style=\"margin-bottom: 25px;\">\n<table>\n<tbody>\n<tr>\n<td><b>Nombre<\/b><\/td>\n<td><b>Finalidad\u00a0<\/b><\/td>\n<td><b>Caducidad<\/b><\/td>\n<td><b>Proveedor<\/b><\/td>\n<\/tr>\n<tr>\n<td><\/td>\n<td><\/td>\n<td><\/td>\n<td><\/td>\n<\/tr>\n<tr>\n<td><\/td>\n<td><\/td>\n<td><\/td>\n<td><\/td>\n<\/tr>\n<\/tbody>\n<\/table>\n<\/div>\n<span style=\"font-weight: 400;\">Mientras navega por nuestra web, se pueden almacenar en su navegador las cookies de nuestras redes sociales. A continuaci\u00f3n, le indicamos los enlaces sobre las cookies de las redes sociales que utilizamos en esta web:<\/span>\n<ul>\n  <li>Cookies de Facebook, ver m\u00e1s informaci\u00f3n en su <a href=\"https:\/\/www.facebook.com\/policies\/cookies\/\" target=\"_blank\" rel=\"noopener\">pol\u00edtica de cookies<\/a ><\/li>\n  <li>Cookies de Twitter, ver m\u00e1s informaci\u00f3n en su <a href=\"https:\/\/help.twitter.com\/ru\/rules-and-policies\/twitter-cookies\" target=\"_blank\" rel=\"noopener\" > pol\u00edtica de cookies<\/a><\/li>\n  <li>Cookies de Instagram, ver m\u00e1s informaci\u00f3n en su <a href=\"https:\/\/www.facebook.com\/policies\/cookies\/\" target=\"_blank\" rel=\"noopener\">pol\u00edtica de cookies<\/a><\/li>\n  <li>Cookies de Linkedin, ver m\u00e1s informaci\u00f3n en su <a href=\"https:\/\/www.linkedin.com\/legal\/cookie-policy?_l=es_ES\" target=\"_blank\" rel=\"noopener\">pol\u00edtica de cookies<\/a><\/li>\n  <li>Cookies de Pinterest, ver m\u00e1s informaci\u00f3n en su <a href=\"https:\/\/policy.pinterest.com\/cookies\" target=\"_blank\" rel=\"noopener\">pol\u00edtica de cookies<\/a> &lt; \/li&gt;<\/li>\n  <li>Cookies de Youtube, ver m\u00e1s informaci\u00f3n en su <a href=\"https:\/\/policies.google.com\/technologies\/cookies?hl=en\" target=\"_blank\" rel=\"noopener\">pol\u00edtica de cookies&#038;lt ; \/a&gt;<\/a><\/li>\n  <li><span style=\"font-weight: 400;\">Cookies de TikTok, ver m\u00e1s informaci\u00f3n en su <\/span><a href=\"https:\/\/www.tiktok.com\/legal\/page\/global \/ cookie-policy\/es\"><span style=\"font-weight: 400;\">pol\u00edtica de cookies<\/span><\/a><\/li>\n<\/ul>\n<h2 style=\"color: #456d84;\">REVOCACI\u00d3N<\/h2>\n<span style=\"font-weight: 400;\">En todo momento podr\u00e1 acceder a la configuraci\u00f3n de su navegador aceptando o rechazando todas las cookies, o bien seleccionar aquellas que la instalaci\u00f3n admite y las que no, siguiendo uno de los procedimientos siguientes , que depende del navegador que utilice:<\/span>\n<ul>\n  <li><strong>Google Chrome<\/strong> (en el Men\u00fa Herramientas):\nConfiguraci\u00f3n&gt; Muestra opciones avanzadas&gt; Privacidad (Configuraci\u00f3n de contenido)&gt; Cookies:\n<a href=\"https:\/\/support.google.com\/chrome\/answer\/95647?co=GENIE.Platform%3DDesktop&amp;hl=es\" target=\"_blank\" rel=\"noopener\">https:\/\/support. google.com\/chrome\/answer\/95647?co=GENIE.Platform%3DDesktop&amp;hl=es<\/a><\/li>\n  <li><strong>Microsoft Internet Explorer<\/strong> (en el Men\u00fa Herramientas):\nOpciones de Internet&gt; Privacidad&gt; Avanzada:\n<a href=\"https:\/\/support.microsoft.com\/es-ca\/help\/17442\/windows-internet-explorer-delete-manage-cookies\" target=\"_blank\" rel=\"noopener\">https:\/\/ support.microsoft.com\/es-help\/17442\/windows-internet-explorer-delete-manage-cookies<\/a><\/li>\n  <li><strong>Firefox<\/strong>:\nOpciones&gt; Privacidad&gt; Cookies:\n<a href=\"https:\/\/support.mozilla.org\/es\/kb\/habilitar-y-deshabilitar-cookies-sitios-web-rastrear-preferencias\" target=\"_blank\" rel=\"noopener\">https:\/\/ support.mozilla.org\/es\/kb\/habilitar-y-deshabilitar-cookies-sitios-web-rastrear-preferencias<\/a><\/li>\n  <li><strong>Safari, iPad y iPhone<\/strong>:\nPreferencias&gt; Privacidad\n<a href=\"https:\/\/support.apple.com\/kb\/ph21411?locale=es_ES\" target=\"_blank\" rel=\"noopener\">https:\/\/support.apple.com\/kb\/ph21411?locale= es_ES<\/a><\/li>\n  <li><strong>Opera<\/strong>:\nConfiguraci\u00f3n&gt; Opciones&gt; Avanzada&gt; Cookies\n<a href=\"http:\/\/help.opera.com\/Windows\/12.00\/es-ES\/cookies.html\" target=\"_blank\" rel=\"noopener\">http:\/\/help.opera.com\/Windows\/ 12.00\/es-ES\/cookies.html<\/a><\/li>\n<\/ul>\n<span style=\"font-weight: 400;\">Estos navegadores est\u00e1n sometidos a cambios o modificaciones, por lo que no podemos garantizar que se ajusten completamente a la versi\u00f3n de su navegador. Tambi\u00e9n puede que utilice otro navegador no contemplado en estos enlaces como Konqueror, Arora, Flock, etc. Para evitar estos desajustes, puede acceder directamente desde las opciones de su navegador, generalmente en el men\u00fa de \u00abOpciones\u00bb en la secci\u00f3n de \u00abPrivacidad\u00bb. (Por favor, consulte la ayuda de su navegador para m\u00e1s informaci\u00f3n).<\/span>\n\n<b>CAMBIOS EN LA PRESENTE POL\u00cdTICA DE COOKIES<\/b>\n\n<b>SERVICIOS DE INTERNET JAVAJAN, S.L.<\/b><span style=\"font-weight: 400;\"> se reserva el derecho a modificar esta pol\u00edtica para adaptarla a novedades legislativas o jurisprudenciales.<\/span>\n<h2 style=\"color: #456d84;\">DESACTIVACI\u00d3N \/ ACTIVACI\u00d3N Y ELIMINACI\u00d3N DE COOKIES<\/h2>\n<span style=\"font-weight: 400;\">Para restringir o bloquear las cookies, se realiza a trav\u00e9s de la configuraci\u00f3n del navegador.<\/span>\n\n<span style=\"font-weight: 400;\">Si no desea que los sitios web pongan ninguna cookie en su equipo, puede adaptar la configuraci\u00f3n del navegador de forma que se le notifique antes de que se coloque ninguna cookie. De la misma forma, puede adaptar la configuraci\u00f3n de forma que el navegador rechace todas las cookies, o \u00fanicamente las cookies de terceros. Tambi\u00e9n puede eliminar cualquiera de las cookies que ya se encuentren en el equipo. Recuerde que ser\u00e1 necesario adaptar por separado la configuraci\u00f3n de cada navegador y equipo que utilice.<\/span>\n\n<span style=\"font-weight: 400;\">Recuerde que si no desea recibir cookies, ya no podremos garantizar que nuestro sitio web funcione como es debido. Puede que algunas funciones del sitio se pierdan y es posible que ya no pueda ver ciertos sitios web. Adem\u00e1s, rechaz\u00f3 las cookies no significa que ya no vaya a ver anuncios publicitarios. Simplemente los anuncios no se ajustar\u00e1n a sus intereses y se repetir\u00e1n con mayor frecuencia.<\/span>\n\n<span style=\"font-weight: 400;\">Cada navegador tiene un m\u00e9todo diferente para adaptar la configuraci\u00f3n. Si es necesario, consulte la funci\u00f3n de ayuda del navegador para establecer la configuraci\u00f3n correcta.<\/span>\n\n<span style=\"font-weight: 400;\">Para para activar las cookies en el tel\u00e9fono m\u00f3vil, consulte el manual del dispositivo para oobtener m\u00e1s informaci\u00f3n.<\/span>\n\n<span style=\"font-weight: 400;\">Puede obtener m\u00e1s informaci\u00f3n sobre las cookies en Internet, <\/span><a href=\"http:\/\/www.aboutcookies.org\/\"><span style=\"font -weight: 400;\">http:\/\/www.aboutcookies.org\/<\/span><\/a><span style=\"font-weight: 400;\">.<\/span>\n\n<span style=\"font-weight: 400;\">Teniendo en cuenta la forma en que funciona Internet y los sitios web, no siempre contamos con informaci\u00f3n de las cookies que colocan terceras partes a trav\u00e9s de nuestro sitio web. Esto se aplica especialmente a casos en que la p\u00e1gina web contiene lo que se llaman elementos integrados: textos, documentos, im\u00e1genes o breves pel\u00edculas que se almacenan en otra parte, pero se muestran en nuestro sitio web o mediante el mismo.<\/span>\n\n<span style=\"font-weight: 400;\">Por tanto, en caso de que se encuentre con este tipo de cookies en este sitio web y no est\u00e9n enumeradas en la lista anterior, le rogamos que nos lo comunique. O bien p\u00f3ngase en contacto directamente con el tercero para pedirle informaci\u00f3n sobre las cookies que coloque, la finalidad y la duraci\u00f3n de la cookie, y c\u00f3mo ha garantizado su privacidad.<\/span>\n<h2 style=\"color: #456d84;\">INFORMACI\u00d3N RELACIONADA CON EL TRATAMIENTO DE DATOS PERSONALES (ART.13 RGPD)<\/h2>\n<h3 style=\"color: #456d84;\">\u00bfQui\u00e9n es el responsable del tratamiento de sus datos personales?<\/h3>\n<b>SERVICIOS DE INTERNET JAVAJAN, S.L.<\/b><span style=\"font-weight: 400;\"> es el responsable del tratamiento de los datos personales que usted nos proporciona, situado en Pla\u00e7a dels Albers 16-17, 3B, 08560, Manlleu, Barcelona y con CIF B61950127. Tel\u00e9fono 902 198 366 y mail de contacto <a href=\"mailto:info@javajan.com\">info@javajan.com<\/a>.<\/span>\n<h3 style=\"color: #456d84;\">\u00bfPor qu\u00e9 utilizamos sus datos personales?<\/h3>\n<span style=\"font-weight: 400;\">La informaci\u00f3n recopilada a trav\u00e9s de las cookies propias (cookies de sesi\u00f3n y de entrada de usuario) se suelen utilizar para rastrear las acciones del usuario al llenar los formularios en l\u00ednea en varias p\u00e1ginas , o como cesta de la compra para realizar el seguimiento de los art\u00edculos que el usuario ha seleccionado al pulsar un bot\u00f3n, o para personalizar la interfaz del usuario al visitar la p\u00e1gina web.<\/span>\n\n<span style=\"font-weight: 400;\">La informaci\u00f3n recopilada a trav\u00e9s de las cookies de terceros es la siguiente: <\/span>\n<ul>\n  <li><span style=\"font-weight: 400;\">A trav\u00e9s de las cookies anal\u00edticas se analizan sus h\u00e1bitos de navegaci\u00f3n para mejorar los servicios prestados;<\/span><\/li>\n  <li><span style=\"font-weight: 400;\">A trav\u00e9s de las cookies comportamentales se recoge informaci\u00f3n sobre las preferencias del usuario para gestionar los espacios publicitarios de la forma m\u00e1s eficaz posible; y<\/span><\/li>\n  <li><span style=\"font-weight: 400;\">a trav\u00e9s de las cookies publicitarias se mide el rendimiento de los anuncios y se proporcionan recomendaciones relativas a productos basados \u200b\u200ben datos estad\u00edsticos.<\/span><\/li>\n<\/ul>\nPara ver exactamente el uso de las cookies vea el cuadro sobre el uso de las cookies en esta web.\n<h3 style=\"color: #456d84;\">\u00bfCu\u00e1l es la base legal para el tratamiento de sus datos personales?<\/h3>\n<span style=\"font-weight: 400;\">La legitimaci\u00f3n para el tratamiento de sus datos personales viene dada por su consentimiento, otorgado en el momento de ponerse en contacto con nosotros, para la utilizaci\u00f3n de cookies anal\u00edticas, comportamentales y publicitarias; para las cookies de sesi\u00f3n o personalizaci\u00f3n, la legitimaci\u00f3n para el tratamiento viene dada por el inter\u00e9s leg\u00edtimo del prestamista (responsable del tratamiento).<\/span>\n<h3 style=\"color: #456d84;\">\u00bfA qui\u00e9n comunicamos sus datos?<\/h3>\n<span style=\"font-weight: 400;\">No se ceder\u00e1n ni comunicar\u00e1n datos a terceros, excepto por obligaci\u00f3n legal oa los terceros indicados en el caso de uso de cookies gestionadas por \u00e9stos. <\/span>\n<h3 style=\"color: #456d84;\">\u00bfCu\u00e1l es el plazo de conservaci\u00f3n de sus datos?<\/h3>\n<span style=\"font-weight: 400;\">El plazo de conservaci\u00f3n de los datos recogidos es el indicado en el cuadro sobre el uso de las cookies en esta web.<\/span>\n<h3 style=\"color: #456d84;\">\u00bfCu\u00e1les son sus derechos?<\/h3>\n<span style=\"font-weight: 400;\">Los derechos que amparan al usuario son los de acceso, rectificaci\u00f3n, supresi\u00f3n, portabilidad de los mismos, retirada del consentimiento (sin que ello afecte a la licitud del tratamiento otorgado previamente a su retirada), oposici\u00f3n al tratamiento, limitaci\u00f3n (en determinadas circunstancias) ya presentar una reclamaci\u00f3n ante la autoridad de control (la Agencia Espa\u00f1ola de protecci\u00f3n de datos, <\/span><a href=\"http:\/\/www.aepd .es\"><span style=\"fuente-weight: 400;\">www.aepd.es<\/span><\/a><span style=\"fuente-weight: 400;\">). <\/span>\t\t\t\t\t\t<\/div>\n\t\t\t\t<\/div>\n\t\t\t\t\t<\/div>\n\t\t\t\t<\/div>\n\t\t\t\t<\/div>\n\t\t","protected":false},"excerpt":{"rendered":"<p>INTRODUCCI\u00d3N La web de SERVICIOS DE INTERNET JAVAJAN, S.L. utiliza cookies propias y de terceros. Una cookie es un archivo que se descarga en su ordenador al acceder a determinadas p\u00e1ginas web. Las cookies permiten a una p\u00e1gina web, entre otras finalidades, asegurar el correcto funcionamiento de la p\u00e1gina, permitir al Usuario un acceso m\u00e1s&#8230;<\/p>\n","protected":false},"author":1,"featured_media":0,"parent":0,"menu_order":0,"comment_status":"closed","ping_status":"closed","template":"","meta":{"footnotes":""},"class_list":["post-106150","page","type-page","status-publish","hentry"],"_links":{"self":[{"href":"https:\/\/javajan.predev.eu\/es\/wp-json\/wp\/v2\/pages\/106150","targetHints":{"allow":["GET"]}}],"collection":[{"href":"https:\/\/javajan.predev.eu\/es\/wp-json\/wp\/v2\/pages"}],"about":[{"href":"https:\/\/javajan.predev.eu\/es\/wp-json\/wp\/v2\/types\/page"}],"author":[{"embeddable":true,"href":"https:\/\/javajan.predev.eu\/es\/wp-json\/wp\/v2\/users\/1"}],"replies":[{"embeddable":true,"href":"https:\/\/javajan.predev.eu\/es\/wp-json\/wp\/v2\/comments?post=106150"}],"version-history":[{"count":4,"href":"https:\/\/javajan.predev.eu\/es\/wp-json\/wp\/v2\/pages\/106150\/revisions"}],"predecessor-version":[{"id":106154,"href":"https:\/\/javajan.predev.eu\/es\/wp-json\/wp\/v2\/pages\/106150\/revisions\/106154"}],"wp:attachment":[{"href":"https:\/\/javajan.predev.eu\/es\/wp-json\/wp\/v2\/media?parent=106150"}],"curies":[{"name":"wp","href":"https:\/\/api.w.org\/{rel}","templated":true}]}}