{"id":106155,"date":"2024-08-08T09:03:33","date_gmt":"2024-08-08T07:03:33","guid":{"rendered":"https:\/\/javajan.predev.eu\/?page_id=106155"},"modified":"2024-09-13T10:05:41","modified_gmt":"2024-09-13T08:05:41","slug":"politica-de-privacidad","status":"publish","type":"page","link":"https:\/\/javajan.predev.eu\/es\/politica-de-privacidad\/","title":{"rendered":"Pol\u00edtica de privacidad"},"content":{"rendered":"\t\t<div data-elementor-type=\"wp-page\" data-elementor-id=\"106155\" class=\"elementor elementor-106155 elementor-92992\">\n\t\t\t\t<div class=\"default no-position elementor-element elementor-element-4cea95d8 e-flex e-con-boxed e-con e-parent\" data-id=\"4cea95d8\" data-element_type=\"container\">\n\t\t\t\t\t<div class=\"e-con-inner\">\n\t\t\t\t<div class=\"elementor-element elementor-element-6a6cb914 elementor-widget elementor-widget-text-editor\" data-id=\"6a6cb914\" data-element_type=\"widget\" data-widget_type=\"text-editor.default\">\n\t\t\t\t<div class=\"elementor-widget-container\">\n\t\t\t<style>\/*! elementor - v3.23.0 - 05-08-2024 *\/\n.elementor-widget-text-editor.elementor-drop-cap-view-stacked .elementor-drop-cap{background-color:#69727d;color:#fff}.elementor-widget-text-editor.elementor-drop-cap-view-framed .elementor-drop-cap{color:#69727d;border:3px solid;background-color:transparent}.elementor-widget-text-editor:not(.elementor-drop-cap-view-default) .elementor-drop-cap{margin-top:8px}.elementor-widget-text-editor:not(.elementor-drop-cap-view-default) .elementor-drop-cap-letter{width:1em;height:1em}.elementor-widget-text-editor .elementor-drop-cap{float:left;text-align:center;line-height:1;font-size:50px}.elementor-widget-text-editor .elementor-drop-cap-letter{display:inline-block}<\/style>\t\t\t\t<h2 style=\"color: #456d84;\">INTRODUCCI\u00d3N<\/h2>\n<span style=\"font-weight: 400;\">Su privacidad es importante para nosotros, as\u00ed que mediante este documento, le explicamos qu\u00e9 datos recogemos de los usuarios, c\u00f3mo los utilizamos y para qu\u00e9, entre otras indicaciones.<\/<\/p> span>\n\n<span style=\"font-weight: 400;\">Para su informaci\u00f3n, nunca pediremos m\u00e1s informaci\u00f3n de la que realmente necesitaremos para los servicios requeridos; nunca la compartiremos con terceros, salvo por obligaci\u00f3n legal o previa autorizaci\u00f3n; y nunca utilizaremos sus datos para otra finalidad no indicada previamente.<\/span>\n\n<span style=\"font-weight: 400;\">Como usuarios, deber\u00e1 leer atentamente esta Pol\u00edtica de privacidad de forma regular, y siempre que introduzca sus datos personales, ya que este documento puede sufrir modificaciones ya que el prestamista puede modificar cualquier tipo de informaci\u00f3n que pudiera aparecer en la web para cumplir con la normativa o actualizar la pol\u00edtica, y sin que exista la obligaci\u00f3n de preavisar o poner en conocimiento de los usuarios estas obligaciones, y es suficiente la publicaci\u00f3n en el sitio web del prestamista.<\/span>\n\n<span style=\"fuente-family: 'Space Grotesk', sans-serif; fuente-size: 50px; fuente-weight: bold; letter-spacing: 0px; texto-align: var(--text-align);\" >RESPONSABLE DEL TRATAMIENTO:<\/span>\n\nIdentidad:\u00a0<strong>SERVICIOS DE INTERNET JAVAJAN, S.L.<\/strong> (tambi\u00e9n el prestamista)\nNIF: <strong>B61950127<\/strong>\nDirecci\u00f3n postal:\u00a0<strong>Plaza de los Albers 16-17, 3B, 08560, Manlleu, Barcelona<\/strong>\nCorreo electr\u00f3nico:\u00a0<strong>info@javajan.com<\/strong>\n\n<strong>SERVICIOS DE INTERNET JAVAJAN, S.L.<\/strong>, <span style=\"font-weight: 400;\">como responsable del sitio web, de conformidad con lo dispuesto en el Reglamento (UE) 2016\/679 de 27 de abril de 2016 (RGPD) relativo a la protecci\u00f3n de las personas f\u00edsicas en cuanto al tratamiento de datos personales ya la libre circulaci\u00f3n de estos datos y dem\u00e1s normativa vigente en materia de protecci\u00f3n de datos personales, y por la Ley 34\/2002, de 11 de julio, de Servicios de la Sociedad de la Informaci\u00f3n y del Comercio Electr\u00f3nico (LSSICE), le informa que tiene implementadas las medidas de seguridad necesarias, de \u00edndole t\u00e9cnica y organizativas, para garantizar y proteger la confidencialidad , integridad y disponibilidad de los datos introducidos.<\/span>\n<h2 style=\"color: #456d84;\">M\u00c9TODO DE OBTENCI\u00d3N DE LOS DATOS y DATOS QUE RECAUDAMOS:<\/h2>\n<span style=\"font-weight: 400;\">Los datos que recogemos y c\u00f3mo los obtenemos es el siguiente:<\/span>\n<ol>\n  <li>mediante el formulario de contacto: nombre, email, edad, tel\u00e9fono,<\/li>\n  <li>mediante el formulario de suscripci\u00f3n a la newsletter: nombre, email,<\/li>\n  <li><span style=\"font-weight: 400;\">mediante el formulario de Kit digital: nombre, email, tel\u00e9fono, municipio, <\/span><\/li>\n  <li><span style=\"font-weight: 400;\">mediante el formulario de solicitar presupuesto: nombre, email, tel\u00e9fono, <\/span><\/li>\n<\/ol>\nNo se tratan categor\u00edas de datos especialmente protegidas.\n<h2 style=\"color: #456d84;\"><span style=\"letter-spacing: 0px; texto-align: var(--text-align);\">FINALIDAD DEL TRATAMIENTO<\/span><\/h2>\n<span style=\"font-weight: 400;\">Sus datos personales s\u00f3lo se utilizar\u00e1n para los siguientes fines, prestando su consentimiento para cada uno de los fines en el apartado correspondiente de la web<\/span>:\n<ol>\n  <li><strong>formulario de contacto<\/strong>: <span style=\"font-weight: 400;\">para responder a las consultas y\/o proporcionar informaciones requeridas para el Usuario;<\/span><\/ le>\n  <li><strong>formulario de registro<\/strong>: <span style=\"font-weight: 400;\">la creaci\u00f3n de una cuenta de usuario la realiza el prestamista, siempre mediante previamente una relaci\u00f3n contractual entre ambos , donde el usuario puede acceder y ver los datos relativos a las recogidas y cantidades y estad\u00edsticas sobre sus datos;<\/span><\/li>\n  <li><strong>formulario de suscripci\u00f3n a la newsletter<\/strong>: <span style=\"font-weight: 400;\">para remitir las comunicaciones comerciales publicitarias por email, SMS, comunidades sociales o cualquier otro medio electr\u00f3nico o f\u00edsico , en caso de que el Usuario lo haya consentido expresamente;<\/span><\/li>\n  <li><b>formulario de Kit Digital: <\/b><span style=\"font-weight: 400;\">para responder a las consultas y\/o proporcionar informaciones requeridas para el Usuario;<\/span>< \/li>\n  <li><b>formulario de solicitar presupuesto<\/b><span style=\"font-weight: 400;\">: para responder a las consultas y\/o proporcionar informaciones requeridas para el Usuario;<\/span ><\/li>\n  <li><strong>Otras finalidades<\/strong>:\n<ul>\n  <li>Realizar las gestiones comerciales, administrativas, fiscales, contables que sean necesarias en virtud de la legislaci\u00f3n vigente;<\/li>\n  <li>Conocer su opini\u00f3n y mejorar los servicios prestados por la web;<\/li>\n  <li>Realizaci\u00f3n de an\u00e1lisis de usabilidad de la web, a trav\u00e9s de las cookies (mencionadas en la pol\u00edtica de cookies);<\/li>\n  <li>Redes sociales: en el apartado correspondiente se especifica el uso de las redes sociales.<\/li>\n<\/ul>\n<\/li>\n<\/ol>Las fotograf\u00edas que est\u00e9n colgadas en la web son propiedad de <strong>SERVICIOS DE INTERNET JAVAJAN, S.L.<\/strong>\n\nPuede revocar en cualquier momento su consentimiento remitiendo un escrito con el asunto \u00abBaja\u00bb al mail rese\u00f1ado.\n\n<span style=\"font-weight: 400;\">De acuerdo con la LSSICE, <\/span><b>SERVICIOS DE INTERNET JAVAJAN, S.L.<\/b><span style=\"font-weight: 400;\" > no hace pr\u00e1cticas de SPAM, por tanto, no env\u00eda correos comerciales por e-mail que no hayan sido previamente solicitados o autorizados por el Usuario. En consecuencia, en todas las comunicaciones que recibir\u00e1 del prestamista, el usuario tiene la posibilidad de cancelar su consentimiento expreso para recibir nuestras comunicaciones.<\/span>\n\n<span style=\"font-weight: 400;\">No trataremos sus datos personales para ning\u00fan otro fin de los descritos excepto por obligaci\u00f3n legal o requerimiento judicial.<\/span>\n\n<span style=\"font-weight: 400;\">No ser\u00e1 objeto de decisiones basadas en tratamientos automatizados que produzcan efectos sobre sus datos.<\/span>\n<h2 style=\"color: #456d84;\">LEGITIMACI\u00d3N DEL TRATAMIENTO<\/h2>\n<span style=\"font-weight: 400;\">La base legal para el tratamiento de los datos es su consentimiento otorgado en el momento de dar sus datos al formulario correspondiente para llevar a cabo las finalidades, en el momento de marcaci\u00f3n de la casilla de selecci\u00f3n.<\/span>\n\n<span style=\"font-weight: 400;\">No facilitar los datos personales solicitados o no aceptar esta pol\u00edtica de privacidad supone la imposibilidad de conseguir las finalidades anteriormente descritas.<\/span>\n\n<span style=\"font-weight: 400;\">En los casos en que exista una previa relaci\u00f3n contractual entre las partes, la legitimaci\u00f3n para el desarrollo de las obligaciones administrativas, fiscales, contables y laborales que sean necesarias en virtud de la legislaci\u00f3n vigente ser\u00e1 <\/span><b>la existencia previa de la relaci\u00f3n comercial<\/b><span style=\"font-weight: 400;\"> establecida entre las partes.<\/span>\n\n<span style=\"font-weight: 400;\">La oferta prospectiva o comercial de productos y servicios est\u00e1 basada en el consentimiento que se le solicita, sin que en ning\u00fan caso la retirada de este consentimiento condicione la ejecuci\u00f3n del contrato de suscripci\u00f3n. <\/span>\n<h2 style=\"color: #456d84;\">PLAZO DE CONSERVACI\u00d3N DE LOS DATOS<\/h2>\n<span style=\"font-weight: 400;\">Sus datos se conservar\u00e1n mientras dure la relaci\u00f3n comercial con nosotros o ejerce su derecho de cancelaci\u00f3n u oposici\u00f3n, o limitaci\u00f3n al tratamiento. No obstante, conservaremos sus datos en los plazos legalmente previstos en las disposiciones aplicables.<\/span>\n<h2 style=\"color: #456d84;\">DESTINATARIOS DE CESIONES O TRANSFERENCIAS<\/h2>\n<b>SERVICIOS DE INTERNET JAVAJAN, S.L.<\/b><span style=\"font-weight: 400;\"> \u00fanicamente facilitar\u00e1 informaci\u00f3n a las fuerzas y cuerpos de seguridad bajo orden judicial o por obligaci\u00f3n de una norma legal, sin perjuicio de poder bloquear o cancelar su cuenta si puede haber indicios de la comisi\u00f3n de alg\u00fan delito por parte del usuario. La informaci\u00f3n facilitada ser\u00e1 s\u00f3lo la que disponga en ese momento el prestamista.<\/span>\n\n<span style=\"font-weight: 400;\">La informaci\u00f3n que nos proporcione a trav\u00e9s de este sitio web ser\u00e1 alojada en los servidores de <\/span><b>SERVICIOS DE INTERNET JAVAJAN, S.L.,<\/b>&#038;lt ; span style=\u00bbfuente-weight: 400;\u00bb&gt; contratados en la empresa <b>CUBENODE SYSTEM S.L<\/b><span style=\"font-weight: 400;\">, con NIF B19578707 y domicilio en C\/ La trucha N\u00ba 9, 18015 Granada que presta el servicio de alojamiento de la web. El tratamiento de los datos de la entidad est\u00e1 regulado mediante un contrato de encargado del tratamiento entre el prestamista y esta empresa.<\/span>\n\n<span style=\"font-weight: 400;\">Asimismo, el prestamista utiliza determinadas herramientas para prestar servicios necesarios para el desarrollo de la actividad, pudiendo almacenar sus datos. Estas herramientas son las siguientes:<\/span>\n\n<b>Google Analytics<\/b><span style=\"font-weight: 400;\">: para realizar un an\u00e1lisis y m\u00e9trica del uso que los usuarios hacen de la web a trav\u00e9s de las cookies. La informaci\u00f3n que generan y recopilan estas cookies sobre el uso (incluyendo la direcci\u00f3n IP) ser\u00e1 directamente transmitida y archivada por Google Inc., ubicada en Delaware, 1600 Amphitheatre Parkway, montar\u00e9 View (California), CA 94043 de Estados Unidos (\u00abGoogle\u00bb), en sus servidores de Estados Unidos.<\/span>\n\n<b>Email Marketing<\/b><span style=\"font-weight: 400;\">: se utiliza para el servicio de mail marketing: MandrillApp, empresa del grupo Intuit, Inc. Ubicada en EE.UU..<\/span>\n<h2 style=\"color: #456d84;\">DERECHOS DE LAS PERSONAS INTERESADAS<\/h2>\n<span style=\"font-weight: 400;\">Como usuario-interesado, puede solicitar el ejercicio de los siguientes derechos ante <\/span><b>SERVICIOS DE INTERNET JAVAJAN, S.L. <\/b><span style=\"font-weight: 400;\">presentando un escrito a la direcci\u00f3n postal del encabezamiento o enviando un correo electr\u00f3nico a <\/span><a href=\"mailto:info@javajan. com\"> <span style=\"fuente-weight: 400;\">info@javajan.com<\/span><\/a><span style=\"fuente-weight: 400;\">, indicando como Asunto: \u00abPROTECCI\u00d3N DE DATOS: DERECHOS DE LOS AFECTADOS\u201d.<\/span>\n<h3 style=\"color: #456d84;\">Derechos:<\/h3>\n<ul>\n  <li><b>Derecho de acceso:<\/b><span style=\"font-weight: 400;\"> permite al interesado conocer y obtener informaci\u00f3n sobre sus datos de car\u00e1cter personal sometidos a tratamiento.<\/ span><\/li>\n  <li><b>Derecho de rectificaci\u00f3n<\/b><span style=\"font-weight: 400;\">: permite corregir errores y modificar los datos que resulten ser inexactos o incompletos<\/span><\/li>\n  <li><b>Derecho de supresi\u00f3n<\/b><span style=\"font-weight: 400;\">: permite que se supriman los datos que sean inadecuados o excesivos<\/span><\/li>\n  <li><b>Derecho de oposici\u00f3n<\/b><span style=\"font-weight: 400;\">: derecho del interesado a que no se lleve a cabo el tratamiento de sus datos de car\u00e1cter personal o se cese en el mismo.<\/span><\/li>\n  <li><b>Limitaci\u00f3n del tratamiento<\/b><span style=\"font-weight: 400;\">: comporta el marcado de los datos personales conservados, con el fin de limitar su futuro tratamiento, para el ejercicio o la defensa de reclamaciones.<\/span><\/li>\n  <li><b>Portabilidad de los datos<\/b><span style=\"font-weight: 400;\">: facilitaci\u00f3n de los datos objeto de tratamiento al interesado, para que \u00e9ste pueda transmitir a otro responsable, sin impedimentos. <\/span><\/li>\n  <li><b>Derecho a no ser objeto de decisiones individuales automatizadas (incluida la elaboraci\u00f3n de perfiles)<\/b><span style=\"font-weight: 400;\">: derecho a no ser objeto de una decisi\u00f3n basada en el tratamiento automatizado que produzca efectos o afecte significativamente<\/span><\/li>\n<\/ul>\n<span style=\"font-weight: 400;\">Como usuario, tiene derecho a retirar el consentimiento dado en cualquier momento. La retirada del consentimiento no afectar\u00e1 a la licitud del tratamiento efectuado antes de la retirada del consentimiento.<\/span>\n\n<span style=\"font-weight: 400;\">Tambi\u00e9n tiene derecho a presentar una reclamaci\u00f3n ante la autoridad de control si considera que sus derechos se han visto vulnerados en relaci\u00f3n con la protecci\u00f3n de sus datos (<\/span ><a href=\"http:\/\/www.aepd.es\"><span style=\"font-weight: 400;\">www.aepd.es<\/span><\/a><span style=\"font- weight: 400;\">).<\/span>\n<h2 style=\"color: #456d84;\">INFORMACI\u00d3N ADICIONAL<\/h2>\n<h3 style=\"color: #456d84;\">MEDIDAS DE SEGURIDAD<\/h3>\n<span style=\"font-weight: 400;\">Los datos que nos facilite se tratar\u00e1n de forma confidencial. El prestamista ha adoptado todas las medidas t\u00e9cnicas y organizativas y todos los niveles de protecci\u00f3n necesarios para garantizar la seguridad en el tratamiento de los datos y evitar su alteraci\u00f3n, p\u00e9rdida, robo, tratamiento o acceso no autorizado, de acuerdo al estado de la tecnolog\u00eda y naturaleza de los datos almacenados. Asimismo, se garantiza tambi\u00e9n que el tratamiento y registro en ficheros, programas, sistemas o equipos, locales y centros cumplen los requisitos y condiciones de integridad y seguridad establecidas en la normativa vigente.<\/span>\n<h3 style=\"color: #456d84;\">IDIOMA<\/h3>\n<span style=\"font-weight: 400;\">El idioma aplicable a esta pol\u00edtica de privacidad es el catal\u00e1n. Por tanto, en caso de que hubiera alguna contradicci\u00f3n en alguna de las versiones facilitadas en otros idiomas, prevalecer\u00e1 la versi\u00f3n en catal\u00e1n.<\/span>\n<h3 style=\"color: #456d84;\">REDES SOCIALES<\/h3>\n<span style=\"font-weight: 400;\">Os informamos que <\/span><b>SERVICIOS DE INTERNET JAVAJAN, S.L.<\/b><span style=\"font-weight: 400;\"> puede tener presencia en redes sociales. El tratamiento de los datos que se lleve a cabo de las personas que se hagan seguidoras en las redes sociales (y\/o realicen cualquier enlace o acci\u00f3n de conexi\u00f3n a trav\u00e9s de las redes sociales) de las p\u00e1ginas oficiales de <\/span><b >SERVICIOS DE INTERNET JAVAJAN, S.L. <\/b><span style=\"font-weight: 400;\">se regir\u00e1 por este apartado, as\u00ed como por aquellas condiciones de uso, pol\u00edticas de privacidad y normativas de acceso que pertenezcan a la red social que sea procedente en cada caso y aceptadas previamente por el usuario.<\/span>\n\n<b>SERVICIOS DE INTERNET JAVAJAN, S.L.<\/b><span style=\"font-weight: 400;\"> tratar\u00e1 sus datos con los fines de administrar correctamente su presencia en la red social, informando de actividades , productos o servicios del prestamista, as\u00ed como para cualquier otra finalidad que las normativas de las Redes Sociales permitan.<\/span>\n\nQueda prohibida la publicaci\u00f3n de contenidos:\n<ul>\n  <li><span style=\"font-weight: 400;\">Que sean presuntamente il\u00edcitos por la normativa nacional, comunitaria o internacional o que realicen actividades presuntamente il\u00edcitas o contravengan los principios de la buena fe.<\/span ><\/li>\n  <li><span style=\"font-weight: 400;\">Que atenten contra los derechos fundamentales de las personas, falten a la cortes\u00eda en la red, molesten o puedan generar opiniones negativas en nuestros usuarios o terceros y en general cualesquiera sean los contenidos que SERVICIOS DE INTERNET JAVAJAN, S.L. considere inadecuados.<\/span><\/li>\n  <li>&lt;spanstyle=\u00bbfont-weight: 400;\u00bb=\u00bb\u00bb&gt;Y en general que contravengan los principios de legalidad, honradez, responsabilidad, protecci\u00f3n de la dignidad humana, protecci\u00f3n de menores, protecci\u00f3n del orden p\u00fablico, la protecci\u00f3n de la vida privada, la protecci\u00f3n del consumidor y los derechos de propiedad intelectual e industrial.&lt;\/spanstyle=\u00bbfont-weight :&gt;<\/li>\n<\/ul>\n<span style=\"font-weight: 400;\">Asimismo, <\/span><b>SERVICIOS DE INTERNET JAVAJAN, S.L.<\/b><span style=\"font-weight: 400;\"> se reserva la potestad de retirar, sin previo aviso del sitio web o de la red social corporativa aquellos contenidos que se consideren inadecuados.<\/span>\n\n<span style=\"font-weight: 400;\">En todo caso, si usted remite informaci\u00f3n personal a trav\u00e9s de la red social, <\/span><b>SERVICIOS DE INTERNET JAVAJAN, S.L.<\/b><span style =\"font-weight: 400;\"> quedar\u00e1 exento de responsabilidad en relaci\u00f3n con las medidas de seguridad aplicables a esta plataforma y el usuario, en caso de querer conocerlas, debe consultar las correspondientes condiciones particulares de la red en cuesti\u00f3n <\/span>\n<h3 style=\"color: #456d84;\">CAMBIOS EN LA PRESENTE POL\u00cdTICA DE PRIVACIDAD<\/h3>\n<b>SERVICIOS DE INTERNET JAVAJAN, S.L.<\/b><span style=\"font-weight: 400;\"> se reserva el derecho a modificar esta pol\u00edtica para adaptarla a novedades legislativas o jurisprudenciales.<\/span>\n<h3 style=\"color: #456d84;\">REVOCABILIDAD<\/h3>\n<span style=\"font-weight: 400;\">El consentimiento prestado, tanto por el tratamiento como para la cesi\u00f3n de los datos de los interesados, es revocable en cualquier momento comunic\u00e1ndolo a <\/span><b>SERVICIOS DE INTERNET JAVAJAN, S.L.<\/b><span style=\"font-weight: 400;\"> en los t\u00e9rminos establecidos en esta Pol\u00edtica para el ejercicio de los derechos. Esta revocaci\u00f3n en ning\u00fan caso tendr\u00e1 car\u00e1cter retroactivo.<\/span>\n<h3 style=\"color: #456d84;\">LEGISLACI\u00d3N<\/h3>\n<span style=\"font-weight: 400;\">Con car\u00e1cter general las relaciones entre <\/span><b>SERVICIOS DE INTERNET JAVAJAN, S.L.<\/b><span style=\"font-weight: 400;\"> con los Usuarios de sus servicios telem\u00e1ticos, presentes en esta web, est\u00e1n sometidos a la legislaci\u00f3n y jurisdicci\u00f3n espa\u00f1ola a la que se someten expresamente las partes, siendo competentes para la resoluci\u00f3n de todos los conflictos derivados o relacionados con su uso los Juzgados y Tribunales de Barcelona.<\/span>\t\t\t\t\t\t<\/div>\n\t\t\t\t<\/div>\n\t\t\t\t\t<\/div>\n\t\t\t\t<\/div>\n\t\t\t\t<\/div>\n\t\t","protected":false},"excerpt":{"rendered":"<p>INTRODUCCI\u00d3N Su privacidad es importante para nosotros, as\u00ed que mediante este documento, le explicamos qu\u00e9 datos recogemos de los usuarios, c\u00f3mo los utilizamos y para qu\u00e9, entre otras indicaciones. Para su informaci\u00f3n, nunca pediremos m\u00e1s informaci\u00f3n de la que realmente necesitaremos para los servicios requeridos; nunca la compartiremos con terceros, salvo por obligaci\u00f3n legal o&#8230;<\/p>\n","protected":false},"author":1,"featured_media":0,"parent":0,"menu_order":0,"comment_status":"closed","ping_status":"closed","template":"","meta":{"footnotes":""},"class_list":["post-106155","page","type-page","status-publish","hentry"],"_links":{"self":[{"href":"https:\/\/javajan.predev.eu\/es\/wp-json\/wp\/v2\/pages\/106155","targetHints":{"allow":["GET"]}}],"collection":[{"href":"https:\/\/javajan.predev.eu\/es\/wp-json\/wp\/v2\/pages"}],"about":[{"href":"https:\/\/javajan.predev.eu\/es\/wp-json\/wp\/v2\/types\/page"}],"author":[{"embeddable":true,"href":"https:\/\/javajan.predev.eu\/es\/wp-json\/wp\/v2\/users\/1"}],"replies":[{"embeddable":true,"href":"https:\/\/javajan.predev.eu\/es\/wp-json\/wp\/v2\/comments?post=106155"}],"version-history":[{"count":4,"href":"https:\/\/javajan.predev.eu\/es\/wp-json\/wp\/v2\/pages\/106155\/revisions"}],"predecessor-version":[{"id":106159,"href":"https:\/\/javajan.predev.eu\/es\/wp-json\/wp\/v2\/pages\/106155\/revisions\/106159"}],"wp:attachment":[{"href":"https:\/\/javajan.predev.eu\/es\/wp-json\/wp\/v2\/media?parent=106155"}],"curies":[{"name":"wp","href":"https:\/\/api.w.org\/{rel}","templated":true}]}}